{"id":89,"date":"2016-05-19T06:47:30","date_gmt":"2016-05-19T06:47:30","guid":{"rendered":"http:\/\/club-freunde-stadeln.de\/?page_id=89"},"modified":"2016-05-19T12:09:43","modified_gmt":"2016-05-19T12:09:43","slug":"impressum","status":"publish","type":"page","link":"https:\/\/club-freunde-stadeln.de\/?page_id=89","title":{"rendered":"Impressum"},"content":{"rendered":"<p>Anbieterkennzeichnung gem\u00e4\u00df \u00a7 1 Abs. 4 TMG, \u00a7 55 Abs. 1 RStV<\/p>\n<h4>Gem\u00e4\u00df \u00a7 28 BDSG widersprechen wir jeder kommerziellen Verwendung und Weitergabe dieser Daten.<\/h4>\n<h4>Rechtliches<\/h4>\n<p>Alle Informationen dieser Web-Seite werden wie angegeben ohne Anspruch auf Richtigkeit, Vollst\u00e4ndigkeit oder Aktualit\u00e4t zur Verf\u00fcgung gestellt. Diese Webseite steht Ihnen kostenlos zur Verf\u00fcgung. Wir \u00fcbernehmen keinerlei Gew\u00e4hr f\u00fcr Richtigkeit der enthaltenen Informationen, Verf\u00fcgbarkeit der Dienste oder Nutzbarkeit f\u00fcr irgendeinen bestimmten Zweck. Wir haften auch nicht f\u00fcr Folgesch\u00e4den, die auf einer Nutzung des Angebotes beruhen. Produkt- und Firmennamen sind Marken der jeweiligen Eigent\u00fcmer und werden auf diesen Seiten ausschliesslich zu Informationszwecken eingesetzt. Diese Publikation k\u00f6nnte technische, andere Ungenauigkeiten oder Schreib- oder Tippfehler enthalten. Von Zeit zu Zeit werden die vorliegenden Information ge\u00e4ndert \/ erweitert \/ gel\u00f6scht. Wir haben nicht die Absicht, die Rechte Dritter zu verletzen, auch nicht fahrl\u00e4ssig. Sollte es aber dennoch zu Streitigkeiten oder wettbewerbsrechtlichen oder \u00e4hnlichen Problemen kommen, bitten wir Sie, zur Vermeidung unn\u00f6tiger Rechtsstreite und dadurch unn\u00f6tig entstehenden Kosten beiderseits, sofort mit uns Kontakt aufzunehmen, wir werden sofort Ihren Einwand pr\u00fcfen lassen und diesen dann, sofern gerechtfertigt, umgehend abstellen. Die Kostennote Ihrer anwaltlichen Abmahnung ohne eine vorherige Kontaktaufnahme mit uns, werden wir deshalb im Sinne einer Schadensminderungspflicht Ihrerseits als unbegr\u00fcndet zur\u00fcckweisen. Verweise als Bestandteil dieser Webseite sind als Empfehlungen zu verstehen. Wenn sich der Inhalt einer fremden, von uns verwiesenen Seite ohne unser Wissen so ver\u00e4ndert, dass wir den neuen Inhalt nicht mehr gut finden, dann distanzieren wir uns von dem neuen Inhalt. Bitte geben Sie uns Bescheid, falls Sie den Eindruck haben, dass mit einem der Verweise etwas nicht stimmt. Wenn Sie einen Verweis zu unserer Seite setzen wollen, so ist dies erlaubt. Allerdings sollten Sie sich dann nicht von Ihren gesetzten Verweisen &#8211; uns somit ja auch dieser Seite &#8211; distanzieren. Texte und Bilder sind Urheberrechtlich gesch\u00fctzt. Eine weitere Verarbeitung der Webinhalte ist nur mit Zustimmung des Urhebers erlaubt. Alle nicht einzeln nachgewiesenen Fotos sind selbst gefertigt.<\/p>\n","protected":false},"excerpt":{"rendered":"<p>Anbieterkennzeichnung gem\u00e4\u00df \u00a7 1 Abs. 4 TMG, \u00a7 55 Abs. 1 RStV Gem\u00e4\u00df \u00a7 28 BDSG widersprechen wir jeder kommerziellen Verwendung und Weitergabe dieser Daten. Rechtliches Alle Informationen dieser Web-Seite werden wie angegeben ohne Anspruch auf Richtigkeit, Vollst\u00e4ndigkeit oder Aktualit\u00e4t zur Verf\u00fcgung gestellt. Diese Webseite steht Ihnen kostenlos zur Verf\u00fcgung. Wir \u00fcbernehmen keinerlei Gew\u00e4hr f\u00fcr &hellip; <a href=\"https:\/\/club-freunde-stadeln.de\/?page_id=89\" class=\"more-link\"><span class=\"screen-reader-text\">&#8222;Impressum&#8220; <\/span>weiterlesen<\/a><\/p>\n","protected":false},"author":2,"featured_media":0,"parent":0,"menu_order":0,"comment_status":"closed","ping_status":"closed","template":"","meta":{"footnotes":""},"class_list":["post-89","page","type-page","status-publish","hentry"],"_links":{"self":[{"href":"https:\/\/club-freunde-stadeln.de\/index.php?rest_route=\/wp\/v2\/pages\/89","targetHints":{"allow":["GET"]}}],"collection":[{"href":"https:\/\/club-freunde-stadeln.de\/index.php?rest_route=\/wp\/v2\/pages"}],"about":[{"href":"https:\/\/club-freunde-stadeln.de\/index.php?rest_route=\/wp\/v2\/types\/page"}],"author":[{"embeddable":true,"href":"https:\/\/club-freunde-stadeln.de\/index.php?rest_route=\/wp\/v2\/users\/2"}],"replies":[{"embeddable":true,"href":"https:\/\/club-freunde-stadeln.de\/index.php?rest_route=%2Fwp%2Fv2%2Fcomments&post=89"}],"version-history":[{"count":2,"href":"https:\/\/club-freunde-stadeln.de\/index.php?rest_route=\/wp\/v2\/pages\/89\/revisions"}],"predecessor-version":[{"id":130,"href":"https:\/\/club-freunde-stadeln.de\/index.php?rest_route=\/wp\/v2\/pages\/89\/revisions\/130"}],"wp:attachment":[{"href":"https:\/\/club-freunde-stadeln.de\/index.php?rest_route=%2Fwp%2Fv2%2Fmedia&parent=89"}],"curies":[{"name":"wp","href":"https:\/\/api.w.org\/{rel}","templated":true}]}}