{"id":82,"date":"2016-05-19T06:46:22","date_gmt":"2016-05-19T06:46:22","guid":{"rendered":"http:\/\/club-freunde-stadeln.de\/?page_id=82"},"modified":"2019-05-17T13:20:43","modified_gmt":"2019-05-17T13:20:43","slug":"historie","status":"publish","type":"page","link":"https:\/\/club-freunde-stadeln.de\/?page_id=82","title":{"rendered":"Historie"},"content":{"rendered":"<p>Im Jahr 1986 bekamen die Clubfreunde Stadeln per Urkunde die Anerkennung als offizieller Fanclub \u00fcberreicht. OFCN Nr. 87<\/p>\n<p>Die Geschichte unseres Stadelner Fanclubs begann aber bereits 10 Jahre fr\u00fcher.<\/p>\n<p>Schon\u00a0Mitte der 70er Jahre existierte der &#8222;Fanclub Stadeln&#8220;. Mitglieder und Begr\u00fcnder waren damals nicht \u00e4lter als 14 &#8211; 15 Jahre. Unser Club kickte\u00a0noch in der Regionalliga S\u00fcd. Die Gegner hie\u00dfen u.a. FC Bayern Hof, die SpVgg Bayreuth und nat\u00fcrlich auch der &#8222;beliebte&#8220; Nachbar\u00a0aus dem F\u00fcrther Ronhof.<\/p>\n<p>Mit\u00a0selbst gen\u00e4hten Fahnen, selbst gestrickten Schals und viel Euphorie fuhren wir alle 2 Wochen mit der &#8222;Einser&#8220; Strassaboh nach\u00a0N\u00fcrnberg.<\/p>\n<p>Ein H\u00f6hepunkt dieser Zeit war\u00a0der umjubelte Wiederaufstieg 1978\u00a0nach den Relegationsspielen gegen RW\u00a0Essen.<\/p>\n<p>Nach 10 Jahren in der 2. Liga durfte man endlich wieder im &#8222;Oberhaus&#8220; mit spielen.<\/p>\n<p>Ende der 70er l\u00f6ste sich das Ganze auf und der Fanclub\u00a0&#8222;Reichsstadt&#8220; entstand. Hier waren auch viele Clubfans aus dem F\u00fcrther Stadtgebiet mit von der Partie. Der Fanclub bestand\u00a0jedoch nur\u00a0knapp zwei Jahre. So fanden sich die Stadelner im Jahre 1985 wieder als &#8222;Clubfreunde &#8220; zusammen.<\/p>\n<p>Vieles hat sich in dieser Zeit ereignet. Aufstiegsfeiern und Abstiegstrauer. Tolle Feste, Sportveranstaltungen, Ausw\u00e4rtsfahrten. Freundschaften wurden gekn\u00fcpft, \u00fcber die Vereinsfarben hinaus.<\/p>\n<p>Ein emotionales Ereignis fand im Mai 2008 statt.<\/p>\n<p>Hier organisierten wir f\u00fcr unser erkranktes Mitglied Thomas ein Benefizspiel.\u00a0Dazu konnten wir\u00a0das Traditionsteam des 1.FCN gewinnen. Mit Dieter Eckstein, Tomas Galasek, Thomas Ziemer und Herbert Heidenreich war das Team prominent besetzt. Die Moderation \u00fcbernahm Florian von Radio N1.<br \/>\n\u00dcber 700 Zuschauer str\u00f6mten auf das Gel\u00e4nde des FSV Stadeln. Alle Mitglieder waren im Einsatz und haben sich f\u00fcr die\u00a0gute Sache mit eingebracht. \u00a0So konnte am Ende eine stolze Summe erzielt werden.<\/p>\n<p><img loading=\"lazy\" decoding=\"async\" class=\"alignleft wp-image-152 size-full\" src=\"http:\/\/club-freunde-stadeln.de\/wp-content\/uploads\/2016\/05\/1602087528.jpg\" alt=\"1602087528\" width=\"863\" height=\"480\" srcset=\"https:\/\/club-freunde-stadeln.de\/wp-content\/uploads\/2016\/05\/1602087528.jpg 863w, https:\/\/club-freunde-stadeln.de\/wp-content\/uploads\/2016\/05\/1602087528-300x167.jpg 300w, https:\/\/club-freunde-stadeln.de\/wp-content\/uploads\/2016\/05\/1602087528-768x427.jpg 768w\" sizes=\"auto, (max-width: 709px) 85vw, (max-width: 909px) 67vw, (max-width: 1362px) 62vw, 840px\" \/><\/p>\n<p><img loading=\"lazy\" decoding=\"async\" class=\"alignnone wp-image-148 size-full\" src=\"http:\/\/club-freunde-stadeln.de\/wp-content\/uploads\/2016\/05\/1538720_283706918464576_5393949354605199365_n.jpg\" alt=\"1538720_283706918464576_5393949354605199365_n\" width=\"800\" height=\"600\" srcset=\"https:\/\/club-freunde-stadeln.de\/wp-content\/uploads\/2016\/05\/1538720_283706918464576_5393949354605199365_n.jpg 800w, https:\/\/club-freunde-stadeln.de\/wp-content\/uploads\/2016\/05\/1538720_283706918464576_5393949354605199365_n-300x225.jpg 300w, https:\/\/club-freunde-stadeln.de\/wp-content\/uploads\/2016\/05\/1538720_283706918464576_5393949354605199365_n-768x576.jpg 768w\" sizes=\"auto, (max-width: 800px) 85vw, 800px\" \/><\/p>\n<p>&#8222;B\u00f6rnie&#8220; \u00fcbergibt eine gro\u00dfz\u00fcgige Spende der Red Bulls Vach.<\/p>\n","protected":false},"excerpt":{"rendered":"<p>Im Jahr 1986 bekamen die Clubfreunde Stadeln per Urkunde die Anerkennung als offizieller Fanclub \u00fcberreicht. OFCN Nr. 87 Die Geschichte unseres Stadelner Fanclubs begann aber bereits 10 Jahre fr\u00fcher. Schon\u00a0Mitte der 70er Jahre existierte der &#8222;Fanclub Stadeln&#8220;. Mitglieder und Begr\u00fcnder waren damals nicht \u00e4lter als 14 &#8211; 15 Jahre. Unser Club kickte\u00a0noch in der Regionalliga &hellip; <a href=\"https:\/\/club-freunde-stadeln.de\/?page_id=82\" class=\"more-link\"><span class=\"screen-reader-text\">&#8222;Historie&#8220; <\/span>weiterlesen<\/a><\/p>\n","protected":false},"author":2,"featured_media":0,"parent":0,"menu_order":0,"comment_status":"closed","ping_status":"closed","template":"","meta":{"footnotes":""},"class_list":["post-82","page","type-page","status-publish","hentry"],"_links":{"self":[{"href":"https:\/\/club-freunde-stadeln.de\/index.php?rest_route=\/wp\/v2\/pages\/82","targetHints":{"allow":["GET"]}}],"collection":[{"href":"https:\/\/club-freunde-stadeln.de\/index.php?rest_route=\/wp\/v2\/pages"}],"about":[{"href":"https:\/\/club-freunde-stadeln.de\/index.php?rest_route=\/wp\/v2\/types\/page"}],"author":[{"embeddable":true,"href":"https:\/\/club-freunde-stadeln.de\/index.php?rest_route=\/wp\/v2\/users\/2"}],"replies":[{"embeddable":true,"href":"https:\/\/club-freunde-stadeln.de\/index.php?rest_route=%2Fwp%2Fv2%2Fcomments&post=82"}],"version-history":[{"count":10,"href":"https:\/\/club-freunde-stadeln.de\/index.php?rest_route=\/wp\/v2\/pages\/82\/revisions"}],"predecessor-version":[{"id":448,"href":"https:\/\/club-freunde-stadeln.de\/index.php?rest_route=\/wp\/v2\/pages\/82\/revisions\/448"}],"wp:attachment":[{"href":"https:\/\/club-freunde-stadeln.de\/index.php?rest_route=%2Fwp%2Fv2%2Fmedia&parent=82"}],"curies":[{"name":"wp","href":"https:\/\/api.w.org\/{rel}","templated":true}]}}